{"id":1690,"date":"2022-01-28T17:03:18","date_gmt":"2022-01-28T17:03:18","guid":{"rendered":"https:\/\/saunacontroller.cloud\/?page_id=1690"},"modified":"2022-02-07T19:00:25","modified_gmt":"2022-02-07T19:00:25","slug":"rgb-szinterapias-2","status":"publish","type":"page","link":"https:\/\/saunacontroller.cloud\/?page_id=1690&lang=sr","title":{"rendered":"RGB Sz\u00ednter\u00e1pi\u00e1s-Sz"},"content":{"rendered":"<p>[et_pb_section fb_built=&#8221;1&#8243; _builder_version=&#8221;4.9.2&#8243; _module_preset=&#8221;default&#8221; custom_padding=&#8221;0px||0px|||&#8221;][et_pb_row column_structure=&#8221;1_5,1_5,1_5,1_5,1_5&#8243; _builder_version=&#8221;4.9.2&#8243; _module_preset=&#8221;default&#8221; custom_padding=&#8221;12px||||false|false&#8221;][et_pb_column type=&#8221;1_5&#8243; _builder_version=&#8221;4.9.2&#8243; _module_preset=&#8221;default&#8221;][et_pb_button button_url=&#8221;https:\/\/saunacontroller.cloud\/?page_id=1295&#038;lang=sr&#8221; button_text=&#8221;Kontrolna Jedinica sa LED Displejom&#8221; button_alignment=&#8221;center&#8221; _builder_version=&#8221;4.9.2&#8243; _module_preset=&#8221;default&#8221; custom_button=&#8221;on&#8221; button_text_color=&#8221;#E09900&#8243; button_bg_color_gradient_start=&#8221;#e09900&#8243; button_bg_color_gradient_end=&#8221;#ffffff&#8221; button_bg_enable_image=&#8221;off&#8221; button_border_width=&#8221;1px&#8221; button_border_radius=&#8221;20px&#8221; button_letter_spacing=&#8221;0px&#8221; button_font=&#8221;Aleo|||||on|||&#8221; button_icon=&#8221;%%36%%&#8221; button_icon_color=&#8221;#E09900&#8243; custom_css_main_element=&#8221; &#8221; box_shadow_style=&#8221;preset3&#8243; global_colors_info=&#8221;{}&#8221;][\/et_pb_button][\/et_pb_column][et_pb_column type=&#8221;1_5&#8243; _builder_version=&#8221;4.9.1&#8243; _module_preset=&#8221;default&#8221;][et_pb_button button_url=&#8221;https:\/\/saunacontroller.cloud\/?page_id=1301&#038;lang=sr&#8221; button_text=&#8221;Kontrolna Jedinica sa LCD Displejom&#8221; button_alignment=&#8221;center&#8221; _builder_version=&#8221;4.9.2&#8243; _module_preset=&#8221;default&#8221; custom_button=&#8221;on&#8221; button_text_color=&#8221;#E09900&#8243; button_bg_color_gradient_start=&#8221;#e09900&#8243; button_bg_color_gradient_end=&#8221;#ffffff&#8221; button_bg_enable_image=&#8221;off&#8221; button_border_width=&#8221;1px&#8221; button_border_radius=&#8221;20px&#8221; button_letter_spacing=&#8221;0px&#8221; button_font=&#8221;Aleo|||||on|||&#8221; button_icon=&#8221;%%36%%&#8221; button_icon_color=&#8221;#E09900&#8243; custom_css_main_element=&#8221; &#8221; box_shadow_style=&#8221;preset3&#8243;][\/et_pb_button][\/et_pb_column][et_pb_column type=&#8221;1_5&#8243; _builder_version=&#8221;4.9.1&#8243; _module_preset=&#8221;default&#8221;][et_pb_button button_url=&#8221;https:\/\/saunacontroller.cloud\/?page_id=1301&#038;lang=sr&#8221; button_text=&#8221;Kontrolna Jedinica sa Panelom na Dodir&#8221; button_alignment=&#8221;center&#8221; _builder_version=&#8221;4.9.2&#8243; _module_preset=&#8221;default&#8221; custom_button=&#8221;on&#8221; button_text_color=&#8221;#E09900&#8243; button_bg_color_gradient_start=&#8221;#e09900&#8243; button_bg_color_gradient_end=&#8221;#ffffff&#8221; button_bg_enable_image=&#8221;off&#8221; button_border_width=&#8221;1px&#8221; button_border_radius=&#8221;20px&#8221; button_letter_spacing=&#8221;0px&#8221; button_font=&#8221;Aleo|||||on|||&#8221; button_icon=&#8221;%%36%%&#8221; button_icon_color=&#8221;#E09900&#8243; custom_css_main_element=&#8221; &#8221; box_shadow_style=&#8221;preset3&#8243; global_colors_info=&#8221;{}&#8221;][\/et_pb_button][\/et_pb_column][et_pb_column type=&#8221;1_5&#8243; _builder_version=&#8221;4.9.1&#8243; _module_preset=&#8221;default&#8221;][et_pb_button button_url=&#8221;https:\/\/saunacontroller.cloud\/?page_id=1305&#038;lang=sr&#8221; button_text=&#8221;Telefonska Aplikacija&#8221; button_alignment=&#8221;center&#8221; _builder_version=&#8221;4.9.2&#8243; _module_preset=&#8221;default&#8221; custom_button=&#8221;on&#8221; button_text_color=&#8221;#E09900&#8243; button_bg_color_gradient_start=&#8221;#e09900&#8243; button_bg_color_gradient_end=&#8221;#ffffff&#8221; button_bg_enable_image=&#8221;off&#8221; button_border_width=&#8221;1px&#8221; button_border_radius=&#8221;20px&#8221; button_letter_spacing=&#8221;0px&#8221; button_font=&#8221;Aleo|||||on|||&#8221; button_icon=&#8221;%%36%%&#8221; button_icon_color=&#8221;#E09900&#8243; custom_css_main_element=&#8221; &#8221; box_shadow_style=&#8221;preset3&#8243; global_colors_info=&#8221;{}&#8221;][\/et_pb_button][\/et_pb_column][et_pb_column type=&#8221;1_5&#8243; _builder_version=&#8221;4.9.1&#8243; _module_preset=&#8221;default&#8221;][et_pb_button button_url=&#8221;@ET-DC@eyJkeW5hbWljIjp0cnVlLCJjb250ZW50IjoicG9zdF9saW5rX3VybF9wYWdlIiwic2V0dGluZ3MiOnsicG9zdF9pZCI6IjE2OTAifX0=@&#8221; button_text=&#8221;RGB Modul&#8221; button_alignment=&#8221;center&#8221; _builder_version=&#8221;4.9.2&#8243; _dynamic_attributes=&#8221;button_url&#8221; _module_preset=&#8221;default&#8221; custom_button=&#8221;on&#8221; button_text_color=&#8221;#E09900&#8243; button_bg_color_gradient_start=&#8221;#e09900&#8243; button_bg_color_gradient_end=&#8221;#ffffff&#8221; button_bg_enable_image=&#8221;off&#8221; button_border_width=&#8221;1px&#8221; button_border_radius=&#8221;20px&#8221; button_letter_spacing=&#8221;0px&#8221; button_font=&#8221;Aleo|||||on|||&#8221; button_icon=&#8221;%%36%%&#8221; button_icon_color=&#8221;#E09900&#8243; hover_enabled=&#8221;0&#8243; custom_css_main_element=&#8221; &#8221; box_shadow_style=&#8221;preset3&#8243; global_colors_info=&#8221;{}&#8221; sticky_enabled=&#8221;0&#8243;][\/et_pb_button][\/et_pb_column][\/et_pb_row][\/et_pb_section][et_pb_section fb_built=&#8221;1&#8243; admin_label=&#8221;Call To Action&#8221; _builder_version=&#8221;4.9.2&#8243; use_background_color_gradient=&#8221;on&#8221; background_color_gradient_start=&#8221;rgba(221,147,0,0.82)&#8221; background_color_gradient_end=&#8221;#ffd4a3&#8243; background_color_gradient_direction=&#8221;90deg&#8221; custom_margin=&#8221;0px||-2px||false|false&#8221; custom_margin_tablet=&#8221;||||false|false&#8221; custom_margin_phone=&#8221;&#8221; custom_margin_last_edited=&#8221;on|tablet&#8221; custom_padding=&#8221;||119px|||&#8221; locked=&#8221;off&#8221;][et_pb_row column_structure=&#8221;1_2,1_2&#8243; use_custom_gutter=&#8221;on&#8221; gutter_width=&#8221;2&#8243; custom_padding_last_edited=&#8221;on|desktop&#8221; _builder_version=&#8221;4.9.2&#8243; background_color=&#8221;rgba(255,243,237,0.84)&#8221; background_enable_image=&#8221;off&#8221; background_size=&#8221;contain&#8221; background_position=&#8221;top_right&#8221; width=&#8221;85%&#8221; max_width=&#8221;1280px&#8221; custom_margin=&#8221;-140px|auto|-130px|auto|false|false&#8221; custom_padding=&#8221;90px|35px|60px|35px|false|true&#8221; custom_padding_tablet=&#8221;|40px||40px|false|true&#8221; custom_padding_phone=&#8221;|20px||20px|false|true&#8221; background_last_edited=&#8221;on|desktop&#8221; background_enable_image_tablet=&#8221;off&#8221; box_shadow_style=&#8221;preset1&#8243; box_shadow_vertical=&#8221;50px&#8221; box_shadow_blur=&#8221;80px&#8221; box_shadow_color=&#8221;rgba(56,21,11,0.09)&#8221;][et_pb_column type=&#8221;1_2&#8243; _builder_version=&#8221;4.9.2&#8243;][et_pb_image src=&#8221;https:\/\/saunacontroller.cloud\/wp-content\/uploads\/2022\/01\/RGD-szinterapias-modul-1.jpg&#8221; title_text=&#8221;RGD-szinterapias-modul&#8221; align=&#8221;center&#8221; force_fullwidth=&#8221;on&#8221; _builder_version=&#8221;4.9.2&#8243; _module_preset=&#8221;default&#8221; transform_scale=&#8221;70%|70%&#8221; custom_margin=&#8221;|40px||||&#8221; custom_padding=&#8221;2px|43px|3px||false|false&#8221; animation_style=&#8221;fade&#8221; border_radii=&#8221;on|10px|10px|10px|10px&#8221;][\/et_pb_image][\/et_pb_column][et_pb_column type=&#8221;1_2&#8243; _builder_version=&#8221;3.26.5&#8243; custom_padding=&#8221;80px|40px|||false|false&#8221; custom_padding_tablet=&#8221;0px|0px|||false|false&#8221; custom_padding_phone=&#8221;&#8221; custom_padding_last_edited=&#8221;on|tablet&#8221;][et_pb_text _builder_version=&#8221;4.9.2&#8243; header_text_color=&#8221;#E09900&#8243; header_font_size=&#8221;25px&#8221; header_2_font=&#8221;Aleo||||||||&#8221; header_2_text_color=&#8221;#7a5100&#8243; header_2_font_size=&#8221;35px&#8221; header_2_letter_spacing=&#8221;3px&#8221; header_2_line_height=&#8221;1.2em&#8221; max_width=&#8221;819px&#8221; custom_margin=&#8221;|-44px||||&#8221; header_2_font_size_tablet=&#8221;38px&#8221; header_2_font_size_phone=&#8221;26px&#8221; header_2_font_size_last_edited=&#8221;on|tablet&#8221; header_2_letter_spacing_tablet=&#8221;1px&#8221; header_2_letter_spacing_phone=&#8221;0px&#8221; header_2_letter_spacing_last_edited=&#8221;on|desktop&#8221; locked=&#8221;off&#8221;]<\/p>\n<h2>RGB MODUL ZA TERAPIJU BOJAMA<\/h2>\n<p>[\/et_pb_text][et_pb_text _builder_version=&#8221;4.9.2&#8243; header_text_color=&#8221;#E09900&#8243; header_3_text_color=&#8221;#492200&#8243; header_6_text_color=&#8221;#9e6100&#8243; header_6_font_size=&#8221;21px&#8221; max_width=&#8221;800px&#8221; custom_margin=&#8221;|-39px||4px|false|false&#8221; custom_padding=&#8221;|0px|60px||false|false&#8221; locked=&#8221;off&#8221;]<\/p>\n<div class=\"page\" title=\"Page 5\">\n<div class=\"layoutArea\">\n<div class=\"column\">\n<div class=\"page\" title=\"Page 11\">\n<div class=\"layoutArea\">\n<div class=\"column\">\n<p style=\"text-align: justify;\">Pomo\u0107u RGB modula mo\u017eete kontrolisati\/pode\u0161avati terapiju bojama u sauni.<\/p>\n<p style=\"text-align: justify;\">Blagotvorno dejstvo boja poznato je od davnina.<\/p>\n<p style=\"text-align: justify;\">Boje podi\u017eu raspolo\u017eenje, a dobro odabrano osvetljenje saune pozitivno uti\u010de na emocionalno stanje osobe, \u010dime iskustvo saune \u010dini jo\u0161 prijatnijim, pove\u0107avaju\u0107i blagotvorne efekte saune.<\/p>\n<p style=\"text-align: justify;\">Koriste\u0107i RGB modul, mo\u017eete birati izme\u0111u 8 razli\u010ditih programa boja.<\/p>\n<p><span><\/span><\/p>\n<ul>\n<li style=\"list-style-type: none;\">\n<ul>\n<li><span>P1 \u2013 boje duge<\/span><\/li>\n<li>P2 \u2013 boje izlaska sunca<\/li>\n<li>P3 \u2013 boje prole\u0107a<\/li>\n<li>P4 \u2013 boje jeseni<\/li>\n<li><span>P5 \u2013 lavanda ljubi\u010dasta<\/span><\/li>\n<li>P6 \u2013 more plava<\/li>\n<li><span>P7 \u2013 ciklama<\/span><\/li>\n<li>P8 \u2013 nijansa crvene<\/li>\n<\/ul>\n<\/li>\n<\/ul>\n<p>Dodirom na izabrano dugme, u sauni \u0107e se pojaviti odgovaraju\u0107e nijanse.<\/p>\n<p>Svaka boja ima druga\u010diji efekat, neke boje imaju osve\u017eavaju\u0107i efekat, dopunjuju energiju, dok druge smiruju i opu\u0161taju.<\/p>\n<p>Proizvoljnim kombinovanjem i pode\u0161avanjem 3 osnovne boje (crvena, zelena, plava), mo\u017eete odabrati i zapamtiti najprijatnije boju\u00a0 za vas.<\/p>\n<p>Mo\u017eete koristiti RGB terapiju bojama kupovinom kontrolne jedinice sa ekranom osetljivim na dodir, WiFi ili Lan modula.<\/p>\n<p>&nbsp;<\/p>\n<\/div>\n<\/div>\n<\/div>\n<\/div>\n<\/div>\n<\/div>\n<p>[\/et_pb_text][\/et_pb_column][\/et_pb_row][\/et_pb_section][et_pb_section fb_built=&#8221;1&#8243; _builder_version=&#8221;4.9.2&#8243; _module_preset=&#8221;default&#8221; use_background_color_gradient=&#8221;on&#8221; background_color_gradient_start=&#8221;rgba(221,147,0,0.82)&#8221; background_color_gradient_end=&#8221;#ffd4a3&#8243; background_color_gradient_direction=&#8221;90deg&#8221; custom_margin=&#8221;5vw||-2px||false|false&#8221; custom_margin_tablet=&#8221;||||false|false&#8221; custom_margin_phone=&#8221;&#8221; custom_margin_last_edited=&#8221;on|tablet&#8221; custom_padding=&#8221;34px|||3px||&#8221; box_shadow_style=&#8221;preset1&#8243;][et_pb_row column_structure=&#8221;1_2,1_2&#8243; use_custom_gutter=&#8221;on&#8221; gutter_width=&#8221;2&#8243; custom_padding_last_edited=&#8221;on|desktop&#8221; _builder_version=&#8221;4.9.2&#8243; _module_preset=&#8221;default&#8221; background_color=&#8221;rgba(255,243,237,0.84)&#8221; background_enable_image=&#8221;off&#8221; background_size=&#8221;contain&#8221; background_position=&#8221;top_right&#8221; width=&#8221;85%&#8221; max_width=&#8221;1280px&#8221; custom_margin=&#8221;-33px|auto|-54px|auto|false|false&#8221; custom_padding=&#8221;|70px|60px|70px|false|false&#8221; custom_padding_tablet=&#8221;|40px||40px|false|true&#8221; custom_padding_phone=&#8221;|20px||20px|false|true&#8221; background_last_edited=&#8221;on|desktop&#8221; background_enable_image_tablet=&#8221;off&#8221; box_shadow_style=&#8221;preset1&#8243; box_shadow_vertical=&#8221;50px&#8221; box_shadow_blur=&#8221;80px&#8221; box_shadow_color=&#8221;rgba(56,21,11,0.09)&#8221;][et_pb_column type=&#8221;1_2&#8243; _builder_version=&#8221;4.9.2&#8243; _module_preset=&#8221;default&#8221; background_enable_color=&#8221;off&#8221;][\/et_pb_column][et_pb_column type=&#8221;1_2&#8243; _builder_version=&#8221;4.9.2&#8243; _module_preset=&#8221;default&#8221;][\/et_pb_column][\/et_pb_row][\/et_pb_section][et_pb_section fb_built=&#8221;1&#8243; _builder_version=&#8221;4.9.2&#8243; _module_preset=&#8221;default&#8221; use_background_color_gradient=&#8221;on&#8221; background_color_gradient_start=&#8221;rgba(221,147,0,0.82)&#8221; background_color_gradient_end=&#8221;#ffd4a3&#8243; background_color_gradient_direction=&#8221;90deg&#8221; custom_margin=&#8221;5vw||-2px||false|false&#8221; custom_margin_tablet=&#8221;||||false|false&#8221; custom_margin_phone=&#8221;&#8221; custom_margin_last_edited=&#8221;on|tablet&#8221; custom_padding=&#8221;34px|||3px||&#8221; box_shadow_style=&#8221;preset1&#8243;][et_pb_row column_structure=&#8221;1_2,1_2&#8243; use_custom_gutter=&#8221;on&#8221; gutter_width=&#8221;2&#8243; custom_padding_last_edited=&#8221;on|desktop&#8221; _builder_version=&#8221;4.9.2&#8243; _module_preset=&#8221;default&#8221; background_color=&#8221;rgba(255,243,237,0.84)&#8221; background_enable_image=&#8221;off&#8221; background_size=&#8221;contain&#8221; background_position=&#8221;top_right&#8221; width=&#8221;85%&#8221; max_width=&#8221;1280px&#8221; custom_margin=&#8221;-33px|auto|-54px|auto|false|false&#8221; custom_padding=&#8221;|70px|60px|70px|false|false&#8221; custom_padding_tablet=&#8221;|40px||40px|false|true&#8221; custom_padding_phone=&#8221;|20px||20px|false|true&#8221; background_last_edited=&#8221;on|desktop&#8221; background_enable_image_tablet=&#8221;off&#8221; box_shadow_style=&#8221;preset1&#8243; box_shadow_vertical=&#8221;50px&#8221; box_shadow_blur=&#8221;80px&#8221; box_shadow_color=&#8221;rgba(56,21,11,0.09)&#8221;][et_pb_column type=&#8221;1_2&#8243; _builder_version=&#8221;4.9.2&#8243; _module_preset=&#8221;default&#8221; background_enable_color=&#8221;off&#8221;][\/et_pb_column][et_pb_column type=&#8221;1_2&#8243; _builder_version=&#8221;4.9.2&#8243; _module_preset=&#8221;default&#8221;][\/et_pb_column][\/et_pb_row][\/et_pb_section][et_pb_section fb_built=&#8221;1&#8243; _builder_version=&#8221;4.9.2&#8243; _module_preset=&#8221;default&#8221; min_height=&#8221;154px&#8221; custom_padding=&#8221;0px||0px|||&#8221;][et_pb_row _builder_version=&#8221;4.9.2&#8243; _module_preset=&#8221;default&#8221; custom_padding=&#8221;57px||23px|||&#8221;][et_pb_column type=&#8221;4_4&#8243; _builder_version=&#8221;4.9.2&#8243; _module_preset=&#8221;default&#8221;][et_pb_button button_url=&#8221;@ET-DC@eyJkeW5hbWljIjp0cnVlLCJjb250ZW50IjoicG9zdF9saW5rX3VybF9wYWdlIiwic2V0dGluZ3MiOnsicG9zdF9pZCI6IjExNDEifX0=@&#8221; button_text=&#8221;PROIZVODI&#8221; button_alignment=&#8221;center&#8221; _builder_version=&#8221;4.9.2&#8243; _dynamic_attributes=&#8221;button_url&#8221; _module_preset=&#8221;default&#8221; custom_button=&#8221;on&#8221; button_text_color=&#8221;#E09900&#8243; button_bg_color_gradient_start=&#8221;#e09900&#8243; button_bg_color_gradient_end=&#8221;#ffffff&#8221; button_bg_enable_image=&#8221;off&#8221; button_border_width=&#8221;1px&#8221; button_border_radius=&#8221;20px&#8221; button_letter_spacing=&#8221;0px&#8221; button_font=&#8221;Aleo|||||on|||&#8221; button_icon=&#8221;%%36%%&#8221; button_icon_color=&#8221;#E09900&#8243; custom_css_main_element=&#8221; &#8221; box_shadow_style=&#8221;preset3&#8243;][\/et_pb_button][\/et_pb_column][\/et_pb_row][\/et_pb_section]<\/p>\n","protected":false},"excerpt":{"rendered":"<p>[et_pb_section fb_built=&#8221;1&#8243; _builder_version=&#8221;4.9.2&#8243; _module_preset=&#8221;default&#8221; custom_padding=&#8221;0px||0px|||&#8221;][et_pb_row column_structure=&#8221;1_5,1_5,1_5,1_5,1_5&#8243; _builder_version=&#8221;4.9.2&#8243; _module_preset=&#8221;default&#8221; custom_padding=&#8221;12px||||false|false&#8221;][et_pb_column type=&#8221;1_5&#8243; _builder_version=&#8221;4.9.2&#8243; _module_preset=&#8221;default&#8221;][et_pb_button button_url=&#8221;https:\/\/saunacontroller.cloud\/?page_id=1295&#038;lang=sr&#8221; button_text=&#8221;Kontrolna Jedinica sa LED Displejom&#8221; button_alignment=&#8221;center&#8221; _builder_version=&#8221;4.9.2&#8243; _module_preset=&#8221;default&#8221; custom_button=&#8221;on&#8221; button_text_color=&#8221;#E09900&#8243; button_bg_color_gradient_start=&#8221;#e09900&#8243; button_bg_color_gradient_end=&#8221;#ffffff&#8221; button_bg_enable_image=&#8221;off&#8221; button_border_width=&#8221;1px&#8221; button_border_radius=&#8221;20px&#8221; button_letter_spacing=&#8221;0px&#8221; button_font=&#8221;Aleo|||||on|||&#8221; button_icon=&#8221;%%36%%&#8221; button_icon_color=&#8221;#E09900&#8243; custom_css_main_element=&#8221; &#8221; box_shadow_style=&#8221;preset3&#8243; global_colors_info=&#8221;{}&#8221;][\/et_pb_button][\/et_pb_column][et_pb_column type=&#8221;1_5&#8243; _builder_version=&#8221;4.9.1&#8243; _module_preset=&#8221;default&#8221;][et_pb_button button_url=&#8221;https:\/\/saunacontroller.cloud\/?page_id=1301&#038;lang=sr&#8221; button_text=&#8221;Kontrolna Jedinica sa LCD Displejom&#8221; button_alignment=&#8221;center&#8221; _builder_version=&#8221;4.9.2&#8243; _module_preset=&#8221;default&#8221; custom_button=&#8221;on&#8221; button_text_color=&#8221;#E09900&#8243; button_bg_color_gradient_start=&#8221;#e09900&#8243; button_bg_color_gradient_end=&#8221;#ffffff&#8221; button_bg_enable_image=&#8221;off&#8221; button_border_width=&#8221;1px&#8221; button_border_radius=&#8221;20px&#8221; [&hellip;]<\/p>\n","protected":false},"author":2,"featured_media":0,"parent":0,"menu_order":0,"comment_status":"closed","ping_status":"closed","template":"","meta":{"_et_pb_use_builder":"on","_et_pb_old_content":"","_et_gb_content_width":"","footnotes":""},"class_list":["post-1690","page","type-page","status-publish","hentry"],"yoast_head":"<!-- This site is optimized with the Yoast SEO plugin v16.1.1 - https:\/\/yoast.com\/wordpress\/plugins\/seo\/ -->\n<title>RGB Sz\u00ednter\u00e1pi\u00e1s-Sz kezel\u0151egys\u00e9g - Sauna Controller<\/title>\n<meta name=\"description\" content=\"Sza\u0301mos modern, u\u0301jszeru\u030b megolda\u0301st tud a legu\u0301jabb fejleszte\u0301su\u030b szauna veze\u0301rlo\u030bnk. O\u0308n, miuta\u0301n leto\u0308lto\u0308tte az App Store-bo\u0301l vagy a Google play a\u0301ruha\u0301zbo\u0301l a \u201eSauna Controller\u201d alkalmaza\u0301st\" \/>\n<link rel=\"canonical\" href=\"https:\/\/saunacontroller.cloud\/?page_id=1690&#038;lang=sr\" \/>\n<meta property=\"og:locale\" content=\"hu_HU\" \/>\n<meta property=\"og:type\" content=\"article\" \/>\n<meta property=\"og:title\" content=\"RGB Sz\u00ednter\u00e1pi\u00e1s-Sz kezel\u0151egys\u00e9g - Sauna Controller\" \/>\n<meta property=\"og:description\" content=\"Sza\u0301mos modern, u\u0301jszeru\u030b megolda\u0301st tud a legu\u0301jabb fejleszte\u0301su\u030b szauna veze\u0301rlo\u030bnk. O\u0308n, miuta\u0301n leto\u0308lto\u0308tte az App Store-bo\u0301l vagy a Google play a\u0301ruha\u0301zbo\u0301l a \u201eSauna Controller\u201d alkalmaza\u0301st\" \/>\n<meta property=\"og:url\" content=\"https:\/\/saunacontroller.cloud\/?page_id=1690&amp;lang=sr\" \/>\n<meta property=\"og:site_name\" content=\"Sauna Controller\" \/>\n<meta property=\"article:modified_time\" content=\"2022-02-07T19:00:25+00:00\" \/>\n<meta name=\"twitter:card\" content=\"summary_large_image\" \/>\n<meta name=\"twitter:label1\" content=\"Becs\u00fclt olvas\u00e1si id\u0151\">\n\t<meta name=\"twitter:data1\" content=\"8 perc\">\n<script type=\"application\/ld+json\" class=\"yoast-schema-graph\">{\"@context\":\"https:\/\/schema.org\",\"@graph\":[{\"@type\":\"Organization\",\"@id\":\"https:\/\/saunacontroller.cloud\/#organization\",\"name\":\"Lotus Hardver\",\"url\":\"https:\/\/saunacontroller.cloud\/\",\"sameAs\":[],\"logo\":{\"@type\":\"ImageObject\",\"@id\":\"https:\/\/saunacontroller.cloud\/#logo\",\"inLanguage\":\"hu\",\"url\":\"https:\/\/saunacontroller.cloud\/wp-content\/uploads\/2021\/03\/icon.png\",\"contentUrl\":\"https:\/\/saunacontroller.cloud\/wp-content\/uploads\/2021\/03\/icon.png\",\"width\":107,\"height\":70,\"caption\":\"Lotus Hardver\"},\"image\":{\"@id\":\"https:\/\/saunacontroller.cloud\/#logo\"}},{\"@type\":\"WebSite\",\"@id\":\"https:\/\/saunacontroller.cloud\/#website\",\"url\":\"https:\/\/saunacontroller.cloud\/\",\"name\":\"Sauna Controller\",\"description\":\"Szauna Vez\\u00e9rl\\u0151k\",\"publisher\":{\"@id\":\"https:\/\/saunacontroller.cloud\/#organization\"},\"potentialAction\":[{\"@type\":\"SearchAction\",\"target\":\"https:\/\/saunacontroller.cloud\/?s={search_term_string}\",\"query-input\":\"required name=search_term_string\"}],\"inLanguage\":\"hu\"},{\"@type\":\"WebPage\",\"@id\":\"https:\/\/saunacontroller.cloud\/?page_id=1690&lang=sr#webpage\",\"url\":\"https:\/\/saunacontroller.cloud\/?page_id=1690&lang=sr\",\"name\":\"RGB Sz\\u00ednter\\u00e1pi\\u00e1s-Sz kezel\\u0151egys\\u00e9g - Sauna Controller\",\"isPartOf\":{\"@id\":\"https:\/\/saunacontroller.cloud\/#website\"},\"datePublished\":\"2022-01-28T17:03:18+00:00\",\"dateModified\":\"2022-02-07T19:00:25+00:00\",\"description\":\"Sza\\u0301mos modern, u\\u0301jszeru\\u030b megolda\\u0301st tud a legu\\u0301jabb fejleszte\\u0301su\\u030b szauna veze\\u0301rlo\\u030bnk. O\\u0308n, miuta\\u0301n leto\\u0308lto\\u0308tte az App Store-bo\\u0301l vagy a Google play a\\u0301ruha\\u0301zbo\\u0301l a \\u201eSauna Controller\\u201d alkalmaza\\u0301st\",\"breadcrumb\":{\"@id\":\"https:\/\/saunacontroller.cloud\/?page_id=1690&lang=sr#breadcrumb\"},\"inLanguage\":\"hu\",\"potentialAction\":[{\"@type\":\"ReadAction\",\"target\":[\"https:\/\/saunacontroller.cloud\/?page_id=1690&lang=sr\"]}]},{\"@type\":\"BreadcrumbList\",\"@id\":\"https:\/\/saunacontroller.cloud\/?page_id=1690&lang=sr#breadcrumb\",\"itemListElement\":[{\"@type\":\"ListItem\",\"position\":1,\"item\":{\"@type\":\"WebPage\",\"@id\":\"https:\/\/saunacontroller.cloud\/?page_id=1138&lang=sr\",\"url\":\"https:\/\/saunacontroller.cloud\/?page_id=1138&lang=sr\",\"name\":\"Home\"}},{\"@type\":\"ListItem\",\"position\":2,\"item\":{\"@type\":\"WebPage\",\"@id\":\"https:\/\/saunacontroller.cloud\/?page_id=1690&lang=sr\",\"url\":\"https:\/\/saunacontroller.cloud\/?page_id=1690&lang=sr\",\"name\":\"RGB Sz\\u00ednter\\u00e1pi\\u00e1s-Sz\"}}]}]}<\/script>\n<!-- \/ Yoast SEO plugin. -->","_links":{"self":[{"href":"https:\/\/saunacontroller.cloud\/index.php?rest_route=\/wp\/v2\/pages\/1690","targetHints":{"allow":["GET"]}}],"collection":[{"href":"https:\/\/saunacontroller.cloud\/index.php?rest_route=\/wp\/v2\/pages"}],"about":[{"href":"https:\/\/saunacontroller.cloud\/index.php?rest_route=\/wp\/v2\/types\/page"}],"author":[{"embeddable":true,"href":"https:\/\/saunacontroller.cloud\/index.php?rest_route=\/wp\/v2\/users\/2"}],"replies":[{"embeddable":true,"href":"https:\/\/saunacontroller.cloud\/index.php?rest_route=%2Fwp%2Fv2%2Fcomments&post=1690"}],"version-history":[{"count":10,"href":"https:\/\/saunacontroller.cloud\/index.php?rest_route=\/wp\/v2\/pages\/1690\/revisions"}],"predecessor-version":[{"id":1851,"href":"https:\/\/saunacontroller.cloud\/index.php?rest_route=\/wp\/v2\/pages\/1690\/revisions\/1851"}],"wp:attachment":[{"href":"https:\/\/saunacontroller.cloud\/index.php?rest_route=%2Fwp%2Fv2%2Fmedia&parent=1690"}],"curies":[{"name":"wp","href":"https:\/\/api.w.org\/{rel}","templated":true}]}}