{"id":873,"date":"2021-04-12T19:06:41","date_gmt":"2021-04-12T19:06:41","guid":{"rendered":"https:\/\/saunacontroller.cloud\/?page_id=873"},"modified":"2021-04-19T16:32:06","modified_gmt":"2021-04-19T16:32:06","slug":"contact","status":"publish","type":"page","link":"https:\/\/saunacontroller.cloud\/?page_id=873&lang=en","title":{"rendered":"Contact"},"content":{"rendered":"<p>[et_pb_section fb_built=&#8221;1&#8243; admin_label=&#8221;Header&#8221; _builder_version=&#8221;4.9.2&#8243; background_enable_image=&#8221;off&#8221; background_size=&#8221;contain&#8221; custom_padding=&#8221;||0px|||&#8221;][et_pb_row column_structure=&#8221;2_5,3_5&#8243; _builder_version=&#8221;4.9.2&#8243; custom_padding=&#8221;||0px||false|false&#8221;][et_pb_column type=&#8221;2_5&#8243; _builder_version=&#8221;4.9.2&#8243; background_enable_color=&#8221;off&#8221; custom_padding=&#8221;||30px||false|false&#8221;][et_pb_image src=&#8221;https:\/\/saunacontroller.cloud\/wp-content\/uploads\/2021\/03\/massage-therapy-icon-012.png&#8221; title_text=&#8221;massage-therapy-icon-012&#8243; align=&#8221;center&#8221; _builder_version=&#8221;4.9.2&#8243; _module_preset=&#8221;default&#8221; animation_style=&#8221;slide&#8221; animation_direction=&#8221;left&#8221;][\/et_pb_image][\/et_pb_column][et_pb_column type=&#8221;3_5&#8243; _builder_version=&#8221;4.9.2&#8243; background_enable_image=&#8221;off&#8221; custom_padding=&#8221;||30px||false|false&#8221;][et_pb_text _builder_version=&#8221;4.9.2&#8243; header_font=&#8221;Abel||||||||&#8221; header_font_size=&#8221;110px&#8221; header_letter_spacing=&#8221;12px&#8221; header_line_height=&#8221;1.1em&#8221; width=&#8221;100%&#8221; custom_margin=&#8221;|30px|||false|false&#8221; custom_padding=&#8221;|||0px||&#8221; animation_style=&#8221;slide&#8221; animation_direction=&#8221;right&#8221; header_font_tablet=&#8221;Muli|600|||||||&#8221; header_font_phone=&#8221;&#8221; header_font_last_edited=&#8221;on|desktop&#8221; header_font_size_tablet=&#8221;44px&#8221; header_font_size_phone=&#8221;34px&#8221; header_font_size_last_edited=&#8221;on|phone&#8221; header_letter_spacing_tablet=&#8221;2px&#8221; header_letter_spacing_phone=&#8221;0px&#8221; header_letter_spacing_last_edited=&#8221;on|desktop&#8221; text_text_shadow_style=&#8221;preset1&#8243; header_text_shadow_style=&#8221;preset3&#8243; header_text_shadow_vertical_length=&#8221;0.01em&#8221; header_text_shadow_blur_strength=&#8221;0.31em&#8221; header_text_shadow_color=&#8221;#FFFFFF&#8221; locked=&#8221;off&#8221;]<\/p>\n<h1>Contact<\/h1>\n<p>[\/et_pb_text][\/et_pb_column][\/et_pb_row][\/et_pb_section][et_pb_section fb_built=&#8221;1&#8243; custom_padding_last_edited=&#8221;on|desktop&#8221; admin_label=&#8221;Contact Form&#8221; _builder_version=&#8221;3.26.5&#8243; custom_padding=&#8221;0px||130px|||&#8221; custom_padding_tablet=&#8221;60px||||false|false&#8221; custom_padding_phone=&#8221;&#8221;][et_pb_row column_structure=&#8221;3_5,2_5&#8243; make_equal=&#8221;on&#8221; _builder_version=&#8221;4.9.2&#8243; custom_padding=&#8221;0px||0px||false|false&#8221; border_radii=&#8221;on|20px|20px|20px|20px&#8221;][et_pb_column type=&#8221;3_5&#8243; _builder_version=&#8221;4.9.2&#8243; background_color=&#8221;rgba(204,112,0,0.42)&#8221; background_color_gradient_direction=&#8221;89deg&#8221; custom_padding=&#8221;250px|40px|250px|40px|true|true&#8221; custom_padding_tablet=&#8221;60px||60px||true|false&#8221; custom_padding_phone=&#8221;&#8221; custom_padding_last_edited=&#8221;on|desktop&#8221; box_shadow_style=&#8221;preset1&#8243; box_shadow_horizontal=&#8221;2px&#8221;][et_pb_text _builder_version=&#8221;4.9.2&#8243; header_2_font=&#8221;Abel||||||||&#8221; header_2_font_size=&#8221;70px&#8221; header_2_letter_spacing=&#8221;3px&#8221; header_2_line_height=&#8221;1.2em&#8221; text_orientation=&#8221;right&#8221; background_layout=&#8221;dark&#8221; max_width=&#8221;800px&#8221; custom_padding=&#8221;|2px||||&#8221; header_2_font_size_tablet=&#8221;38px&#8221; header_2_font_size_phone=&#8221;26px&#8221; header_2_font_size_last_edited=&#8221;on|tablet&#8221; header_2_letter_spacing_tablet=&#8221;1px&#8221; header_2_letter_spacing_phone=&#8221;0px&#8221; header_2_letter_spacing_last_edited=&#8221;on|desktop&#8221; text_text_align=&#8221;right&#8221; locked=&#8221;off&#8221; text_text_align_tablet=&#8221;left&#8221; text_text_align_last_edited=&#8221;on|desktop&#8221;]<\/p>\n<h2 style=\"text-align: left;\">Send a message<\/h2>\n<p>[\/et_pb_text][\/et_pb_column][et_pb_column type=&#8221;2_5&#8243; _builder_version=&#8221;3.26.5&#8243; custom_padding=&#8221;240px|20px|80px||false|false&#8221; custom_padding_tablet=&#8221;60px||60px||true|false&#8221; custom_padding_phone=&#8221;&#8221; custom_padding_last_edited=&#8221;on|desktop&#8221;][et_pb_code _builder_version=&#8221;4.9.2&#8243; _module_preset=&#8221;default&#8221; hover_enabled=&#8221;0&#8243; sticky_enabled=&#8221;0&#8243;]<div class=\"caldera-grid\" id=\"caldera_form_1\" data-cf-ver=\"1.9.4\" data-cf-form-id=\"CF607daf55476a1\"><div id=\"caldera_notices_1\" data-spinner=\"https:\/\/saunacontroller.cloud\/wp-admin\/images\/spinner.gif\"><\/div><form data-instance=\"1\" class=\"CF607daf55476a1 caldera_forms_form cfajax-trigger\" method=\"POST\" enctype=\"multipart\/form-data\" id=\"CF607daf55476a1_1\" data-form-id=\"CF607daf55476a1\" aria-label=\"Kapcsolat-en\" data-target=\"#caldera_notices_1\" data-template=\"#cfajax_CF607daf55476a1-tmpl\" data-cfajax=\"CF607daf55476a1\" data-load-element=\"_parent\" data-load-class=\"cf_processing\" data-post-disable=\"0\" data-action=\"cf_process_ajax_submit\" data-request=\"https:\/\/saunacontroller.cloud\/?cf_api=CF607daf55476a1\" data-hiderows=\"true\">\r\n<input type=\"hidden\" id=\"_cf_verify_CF607daf55476a1\" name=\"_cf_verify\" value=\"aa9a9f3d57\"  data-nonce-time=\"1775556096\" \/><input type=\"hidden\" name=\"_wp_http_referer\" value=\"\/index.php?rest_route=%2Fwp%2Fv2%2Fpages%2F873\" \/><div id=\"cf2-CF607daf55476a1_1\"><\/div><input type=\"hidden\" name=\"_cf_frm_id\" value=\"CF607daf55476a1\">\r\n<input type=\"hidden\" name=\"_cf_frm_ct\" value=\"1\">\r\n<input type=\"hidden\" name=\"cfajax\" value=\"CF607daf55476a1\">\r\n<input type=\"hidden\" name=\"_cf_cr_pst\" value=\"873\">\r\n<div class=\"hide\" style=\"display:none; overflow:hidden;height:0;width:0;\">\r\n<label>Url<\/label><input type=\"text\" name=\"url\" value=\"\" autocomplete=\"off\">\r\n<\/div><div id=\"CF607daf55476a1_1-row-1\"  class=\"row  first_row\"><div  class=\"col-sm-12  single\"><div data-field-wrapper=\"fld_8768091\" class=\"form-group\" id=\"fld_8768091_1-wrap\">\r\n\t<label id=\"fld_8768091Label\" for=\"fld_8768091_1\" class=\"control-label\">Your name <span aria-hidden=\"true\" role=\"presentation\" class=\"field_required\" style=\"color:#ee0000;\">*<\/span><\/label>\r\n\t<div class=\"\">\r\n\t\t<input   required type=\"text\" data-field=\"fld_8768091\" class=\" form-control\" id=\"fld_8768091_1\" name=\"fld_8768091\" value=\"\" data-type=\"text\" aria-required=\"true\"   aria-labelledby=\"fld_8768091Label\" >\t\t\t<\/div>\r\n<\/div>\r\n<div data-field-wrapper=\"fld_6009157\" class=\"form-group\" id=\"fld_6009157_1-wrap\">\r\n\t<label id=\"fld_6009157Label\" for=\"fld_6009157_1\" class=\"control-label\">Your Email <span aria-hidden=\"true\" role=\"presentation\" class=\"field_required\" style=\"color:#ee0000;\">*<\/span><\/label>\r\n\t<div class=\"\">\r\n\t\t<input   required type=\"email\" data-field=\"fld_6009157\" class=\" form-control\" id=\"fld_6009157_1\" name=\"fld_6009157\" value=\"\" data-type=\"email\" aria-required=\"true\"   aria-labelledby=\"fld_6009157Label\" >\t\t\t<\/div>\r\n<\/div>\r\n<\/div><\/div><div id=\"CF607daf55476a1_1-row-2\"  class=\"row \"><div  class=\"col-sm-12  single\"><div data-field-wrapper=\"fld_7683514\" class=\"form-group\" id=\"fld_7683514_1-wrap\">\r\n\t<label id=\"fld_7683514Label\" for=\"fld_7683514_1\" class=\"control-label\">Message <span aria-hidden=\"true\" role=\"presentation\" class=\"field_required\" style=\"color:#ee0000;\">*<\/span><\/label>\r\n\t<div class=\"\">\r\n\t\t<textarea name=\"fld_7683514\" value=\"\" data-field=\"fld_7683514\" class=\"form-control\" id=\"fld_7683514_1\" rows=\"7\"  required=\"required\"  aria-labelledby=\"fld_7683514Label\" ><\/textarea>\n\t\t\t<\/div>\r\n<\/div>\r\n<\/div><\/div><div id=\"CF607daf55476a1_1-row-3\"  class=\"row  last_row\"><div  class=\"col-sm-12  single\"><div class=\"\"><p><a href=\"https:\/\/saunacontroller.cloud\/?page_id=1660&lang=en\">ADATV\u00c9DELMI T\u00c1J\u00c9KOZTAT\u00d3<\/a><\/p>\n<\/div><div data-field-wrapper=\"fld_8049818\" class=\"form-group\" id=\"fld_8049818_1-wrap\">\r\n\t<label id=\"fld_8049818Label\" for=\"fld_8049818_1\" class=\"control-label screen-reader-text sr-only\">select<\/label>\r\n\t<div class=\"\">\r\n\t\t\t\t\t\t\t\t\t\t\t<div class=\"checkbox\">\n\t\t\t\t\n                <label                         for=\"fld_8049818_1_opt1423269\"\n                >\n                            <input\n                                data-parsley-required=\"true\" data-parsley-group=\"fld_8049818_1\" data-parsley-multiple=\"fld_8049818_1\"                                type=\"checkbox\"\n                                data-label=\"Elolvastam \u00e9s elfogadom az adatv\u00e9delmi t\u00e1j\u00e9koztat\u00f3ban foglaltakat.\"\n                                data-field=\"fld_8049818\"\n                                id=\"fld_8049818_1_opt1423269\"\n                                class=\"fld_8049818_1 option-required\"\n                                name=\"fld_8049818[opt1423269]\"\n                                value=\"Elolvastam \u00e9s elfogadom az adatv\u00e9delmi t\u00e1j\u00e9koztat\u00f3ban foglaltakat.\"\n                                                                data-type=\"checkbox\"\n                                data-checkbox-field=\"fld_8049818_1\"\n                                                                data-calc-value=\"Elolvastam \u00e9s elfogadom az adatv\u00e9delmi t\u00e1j\u00e9koztat\u00f3ban foglaltakat.\"\n                            >\n                    Elolvastam \u00e9s elfogadom az adatv\u00e9delmi t\u00e1j\u00e9koztat\u00f3ban foglaltakat.                <\/label>\n\n                \t\t\t\t\t<\/div>\n\t\t\t\t\t\t\t\t\t\t\t<\/div>\r\n<\/div>\r\n<div data-field-wrapper=\"fld_7908577\" class=\"form-group\" id=\"fld_7908577_1-wrap\">\r\n<div class=\"\">\r\n\t<input  class=\"btn btn-default\" type=\"submit\" name=\"fld_7908577\" id=\"fld_7908577_1\" value=\"Send Message\" data-field=\"fld_7908577\"  >\n<\/div>\r\n<\/div>\r\n\t<input class=\"button_trigger_1\" type=\"hidden\" name=\"fld_7908577\" id=\"fld_7908577_1_btn\" value=\"\" data-field=\"fld_7908577\"  \/>\n<\/div><\/div><\/form>\r\n<\/div>\r\n[\/et_pb_code][\/et_pb_column][\/et_pb_row][\/et_pb_section][et_pb_section fb_built=&#8221;1&#8243; _builder_version=&#8221;4.9.2&#8243; _module_preset=&#8221;default&#8221;][\/et_pb_section]<\/p>\n","protected":false},"excerpt":{"rendered":"<p>[et_pb_section fb_built=&#8221;1&#8243; admin_label=&#8221;Header&#8221; _builder_version=&#8221;4.9.2&#8243; background_enable_image=&#8221;off&#8221; background_size=&#8221;contain&#8221; custom_padding=&#8221;||0px|||&#8221;][et_pb_row column_structure=&#8221;2_5,3_5&#8243; _builder_version=&#8221;4.9.2&#8243; custom_padding=&#8221;||0px||false|false&#8221;][et_pb_column type=&#8221;2_5&#8243; _builder_version=&#8221;4.9.2&#8243; background_enable_color=&#8221;off&#8221; custom_padding=&#8221;||30px||false|false&#8221;][et_pb_image src=&#8221;https:\/\/saunacontroller.cloud\/wp-content\/uploads\/2021\/03\/massage-therapy-icon-012.png&#8221; title_text=&#8221;massage-therapy-icon-012&#8243; align=&#8221;center&#8221; _builder_version=&#8221;4.9.2&#8243; _module_preset=&#8221;default&#8221; animation_style=&#8221;slide&#8221; animation_direction=&#8221;left&#8221;][\/et_pb_image][\/et_pb_column][et_pb_column type=&#8221;3_5&#8243; _builder_version=&#8221;4.9.2&#8243; background_enable_image=&#8221;off&#8221; custom_padding=&#8221;||30px||false|false&#8221;][et_pb_text _builder_version=&#8221;4.9.2&#8243; header_font=&#8221;Abel||||||||&#8221; header_font_size=&#8221;110px&#8221; header_letter_spacing=&#8221;12px&#8221; header_line_height=&#8221;1.1em&#8221; width=&#8221;100%&#8221; custom_margin=&#8221;|30px|||false|false&#8221; custom_padding=&#8221;|||0px||&#8221; animation_style=&#8221;slide&#8221; animation_direction=&#8221;right&#8221; header_font_tablet=&#8221;Muli|600|||||||&#8221; header_font_phone=&#8221;&#8221; header_font_last_edited=&#8221;on|desktop&#8221; header_font_size_tablet=&#8221;44px&#8221; header_font_size_phone=&#8221;34px&#8221; header_font_size_last_edited=&#8221;on|phone&#8221; header_letter_spacing_tablet=&#8221;2px&#8221; header_letter_spacing_phone=&#8221;0px&#8221; header_letter_spacing_last_edited=&#8221;on|desktop&#8221; text_text_shadow_style=&#8221;preset1&#8243; header_text_shadow_style=&#8221;preset3&#8243; header_text_shadow_vertical_length=&#8221;0.01em&#8221; header_text_shadow_blur_strength=&#8221;0.31em&#8221; header_text_shadow_color=&#8221;#FFFFFF&#8221; locked=&#8221;off&#8221;] Contact [\/et_pb_text][\/et_pb_column][\/et_pb_row][\/et_pb_section][et_pb_section fb_built=&#8221;1&#8243; custom_padding_last_edited=&#8221;on|desktop&#8221; admin_label=&#8221;Contact [&hellip;]<\/p>\n","protected":false},"author":2,"featured_media":0,"parent":0,"menu_order":0,"comment_status":"closed","ping_status":"closed","template":"","meta":{"_et_pb_use_builder":"on","_et_pb_old_content":"","_et_gb_content_width":"","footnotes":""},"class_list":["post-873","page","type-page","status-publish","hentry"],"yoast_head":"<!-- This site is optimized with the Yoast SEO plugin v16.1.1 - https:\/\/yoast.com\/wordpress\/plugins\/seo\/ -->\n<title>Contact - Sauna Controller<\/title>\n<link rel=\"canonical\" href=\"https:\/\/saunacontroller.cloud\/?page_id=873&#038;lang=en\" \/>\n<meta property=\"og:locale\" content=\"hu_HU\" \/>\n<meta property=\"og:type\" content=\"article\" \/>\n<meta property=\"og:title\" content=\"Contact - Sauna Controller\" \/>\n<meta property=\"og:description\" content=\"[et_pb_section fb_built=&#8221;1&#8243; admin_label=&#8221;Header&#8221; _builder_version=&#8221;4.9.2&#8243; background_enable_image=&#8221;off&#8221; background_size=&#8221;contain&#8221; custom_padding=&#8221;||0px|||&#8221;][et_pb_row column_structure=&#8221;2_5,3_5&#8243; _builder_version=&#8221;4.9.2&#8243; custom_padding=&#8221;||0px||false|false&#8221;][et_pb_column type=&#8221;2_5&#8243; _builder_version=&#8221;4.9.2&#8243; background_enable_color=&#8221;off&#8221; custom_padding=&#8221;||30px||false|false&#8221;][et_pb_image src=&#8221;https:\/\/saunacontroller.cloud\/wp-content\/uploads\/2021\/03\/massage-therapy-icon-012.png&#8221; title_text=&#8221;massage-therapy-icon-012&#8243; align=&#8221;center&#8221; _builder_version=&#8221;4.9.2&#8243; _module_preset=&#8221;default&#8221; animation_style=&#8221;slide&#8221; animation_direction=&#8221;left&#8221;][\/et_pb_image][\/et_pb_column][et_pb_column type=&#8221;3_5&#8243; _builder_version=&#8221;4.9.2&#8243; background_enable_image=&#8221;off&#8221; custom_padding=&#8221;||30px||false|false&#8221;][et_pb_text _builder_version=&#8221;4.9.2&#8243; header_font=&#8221;Abel||||||||&#8221; header_font_size=&#8221;110px&#8221; header_letter_spacing=&#8221;12px&#8221; header_line_height=&#8221;1.1em&#8221; width=&#8221;100%&#8221; custom_margin=&#8221;|30px|||false|false&#8221; custom_padding=&#8221;|||0px||&#8221; animation_style=&#8221;slide&#8221; animation_direction=&#8221;right&#8221; header_font_tablet=&#8221;Muli|600|||||||&#8221; header_font_phone=&#8221;&#8221; header_font_last_edited=&#8221;on|desktop&#8221; header_font_size_tablet=&#8221;44px&#8221; header_font_size_phone=&#8221;34px&#8221; header_font_size_last_edited=&#8221;on|phone&#8221; header_letter_spacing_tablet=&#8221;2px&#8221; header_letter_spacing_phone=&#8221;0px&#8221; header_letter_spacing_last_edited=&#8221;on|desktop&#8221; text_text_shadow_style=&#8221;preset1&#8243; header_text_shadow_style=&#8221;preset3&#8243; header_text_shadow_vertical_length=&#8221;0.01em&#8221; header_text_shadow_blur_strength=&#8221;0.31em&#8221; header_text_shadow_color=&#8221;#FFFFFF&#8221; locked=&#8221;off&#8221;] Contact [\/et_pb_text][\/et_pb_column][\/et_pb_row][\/et_pb_section][et_pb_section fb_built=&#8221;1&#8243; custom_padding_last_edited=&#8221;on|desktop&#8221; admin_label=&#8221;Contact [&hellip;]\" \/>\n<meta property=\"og:url\" content=\"https:\/\/saunacontroller.cloud\/?page_id=873&amp;lang=en\" \/>\n<meta property=\"og:site_name\" content=\"Sauna Controller\" \/>\n<meta property=\"article:modified_time\" content=\"2021-04-19T16:32:06+00:00\" \/>\n<meta name=\"twitter:card\" content=\"summary_large_image\" \/>\n<meta name=\"twitter:label1\" content=\"Becs\u00fclt olvas\u00e1si id\u0151\">\n\t<meta name=\"twitter:data1\" content=\"2 perc\">\n<script type=\"application\/ld+json\" class=\"yoast-schema-graph\">{\"@context\":\"https:\/\/schema.org\",\"@graph\":[{\"@type\":\"Organization\",\"@id\":\"https:\/\/saunacontroller.cloud\/#organization\",\"name\":\"Lotus Hardver\",\"url\":\"https:\/\/saunacontroller.cloud\/\",\"sameAs\":[],\"logo\":{\"@type\":\"ImageObject\",\"@id\":\"https:\/\/saunacontroller.cloud\/#logo\",\"inLanguage\":\"hu\",\"url\":\"https:\/\/saunacontroller.cloud\/wp-content\/uploads\/2021\/03\/icon.png\",\"contentUrl\":\"https:\/\/saunacontroller.cloud\/wp-content\/uploads\/2021\/03\/icon.png\",\"width\":107,\"height\":70,\"caption\":\"Lotus Hardver\"},\"image\":{\"@id\":\"https:\/\/saunacontroller.cloud\/#logo\"}},{\"@type\":\"WebSite\",\"@id\":\"https:\/\/saunacontroller.cloud\/#website\",\"url\":\"https:\/\/saunacontroller.cloud\/\",\"name\":\"Sauna Controller\",\"description\":\"Szauna Vez\\u00e9rl\\u0151k\",\"publisher\":{\"@id\":\"https:\/\/saunacontroller.cloud\/#organization\"},\"potentialAction\":[{\"@type\":\"SearchAction\",\"target\":\"https:\/\/saunacontroller.cloud\/?s={search_term_string}\",\"query-input\":\"required name=search_term_string\"}],\"inLanguage\":\"hu\"},{\"@type\":\"WebPage\",\"@id\":\"https:\/\/saunacontroller.cloud\/?page_id=873&lang=en#webpage\",\"url\":\"https:\/\/saunacontroller.cloud\/?page_id=873&lang=en\",\"name\":\"Contact - Sauna Controller\",\"isPartOf\":{\"@id\":\"https:\/\/saunacontroller.cloud\/#website\"},\"datePublished\":\"2021-04-12T19:06:41+00:00\",\"dateModified\":\"2021-04-19T16:32:06+00:00\",\"breadcrumb\":{\"@id\":\"https:\/\/saunacontroller.cloud\/?page_id=873&lang=en#breadcrumb\"},\"inLanguage\":\"hu\",\"potentialAction\":[{\"@type\":\"ReadAction\",\"target\":[\"https:\/\/saunacontroller.cloud\/?page_id=873&lang=en\"]}]},{\"@type\":\"BreadcrumbList\",\"@id\":\"https:\/\/saunacontroller.cloud\/?page_id=873&lang=en#breadcrumb\",\"itemListElement\":[{\"@type\":\"ListItem\",\"position\":1,\"item\":{\"@type\":\"WebPage\",\"@id\":\"https:\/\/saunacontroller.cloud\/?page_id=1138&lang=sr\",\"url\":\"https:\/\/saunacontroller.cloud\/?page_id=1138&lang=sr\",\"name\":\"Home\"}},{\"@type\":\"ListItem\",\"position\":2,\"item\":{\"@type\":\"WebPage\",\"@id\":\"https:\/\/saunacontroller.cloud\/?page_id=873&lang=en\",\"url\":\"https:\/\/saunacontroller.cloud\/?page_id=873&lang=en\",\"name\":\"Contact\"}}]}]}<\/script>\n<!-- \/ Yoast SEO plugin. -->","_links":{"self":[{"href":"https:\/\/saunacontroller.cloud\/index.php?rest_route=\/wp\/v2\/pages\/873","targetHints":{"allow":["GET"]}}],"collection":[{"href":"https:\/\/saunacontroller.cloud\/index.php?rest_route=\/wp\/v2\/pages"}],"about":[{"href":"https:\/\/saunacontroller.cloud\/index.php?rest_route=\/wp\/v2\/types\/page"}],"author":[{"embeddable":true,"href":"https:\/\/saunacontroller.cloud\/index.php?rest_route=\/wp\/v2\/users\/2"}],"replies":[{"embeddable":true,"href":"https:\/\/saunacontroller.cloud\/index.php?rest_route=%2Fwp%2Fv2%2Fcomments&post=873"}],"version-history":[{"count":5,"href":"https:\/\/saunacontroller.cloud\/index.php?rest_route=\/wp\/v2\/pages\/873\/revisions"}],"predecessor-version":[{"id":1649,"href":"https:\/\/saunacontroller.cloud\/index.php?rest_route=\/wp\/v2\/pages\/873\/revisions\/1649"}],"wp:attachment":[{"href":"https:\/\/saunacontroller.cloud\/index.php?rest_route=%2Fwp%2Fv2%2Fmedia&parent=873"}],"curies":[{"name":"wp","href":"https:\/\/api.w.org\/{rel}","templated":true}]}}